{"id":1758,"date":"2025-03-01T18:11:57","date_gmt":"2025-03-01T17:11:57","guid":{"rendered":"https:\/\/www.lesbainsdespa.com\/terms-of-use\/"},"modified":"2025-05-14T14:44:20","modified_gmt":"2025-05-14T12:44:20","slug":"terms-of-use","status":"publish","type":"page","link":"https:\/\/www.lesbainsdespa.com\/en\/terms-of-use\/","title":{"rendered":"Terms of use"},"content":{"rendered":"\t\t<div data-elementor-type=\"wp-page\" data-elementor-id=\"1758\" class=\"elementor elementor-1758 elementor-851\" data-elementor-post-type=\"page\">\n\t\t\t\t<div class=\"elementor-element elementor-element-190a1add e-con-full e-flex e-con e-parent\" data-id=\"190a1add\" data-element_type=\"container\" data-e-type=\"container\">\n\t\t\t\t<div class=\"elementor-element elementor-element-4e2346e elementor-widget elementor-widget-heading\" data-id=\"4e2346e\" data-element_type=\"widget\" data-e-type=\"widget\" data-widget_type=\"heading.default\">\n\t\t\t\t<div class=\"elementor-widget-container\">\n\t\t\t\t\t<h1 class=\"elementor-heading-title elementor-size-default\">Terms of use<\/h1>\t\t\t\t<\/div>\n\t\t\t\t<\/div>\n\t\t\t\t<\/div>\n\t\t<div class=\"elementor-element elementor-element-c4b2314 e-con-full e-flex e-con e-parent\" data-id=\"c4b2314\" data-element_type=\"container\" data-e-type=\"container\">\n\t\t<div class=\"elementor-element elementor-element-488a017 e-con-full e-flex e-con e-child\" data-id=\"488a017\" data-element_type=\"container\" data-e-type=\"container\">\n\t\t\t\t<div class=\"elementor-element elementor-element-24fc881 elementor-widget elementor-widget-text-editor\" data-id=\"24fc881\" data-element_type=\"widget\" data-e-type=\"widget\" data-widget_type=\"text-editor.default\">\n\t\t\t\t<div class=\"elementor-widget-container\">\n\t\t\t\t\t\t\t\t\t<p><strong>Website owner<br><\/strong>Les Bains de Spa<\/p>\n<p>Intellectual property and trademarks<br>Website: \u00a9 Les Bains de Spa, tous droits r\u00e9serv\u00e9s.<br>Photos &amp; illustrations: \u00a9 Les Bains de Spa;&nbsp;\u00a9 Regine Mahaux<br>This website fully complies with legislation in force on copyright and intellectual property. All text, images and other content are copyright.<\/p>\n<p><strong>R\u00e9alisation &amp; h\u00e9bergement<br><\/strong>Web Hosting \/ Datacenter<br>This site is hosted by the company Infomaniak.<br>Site : www.infomaniak.com<\/p>\n<p><span style=\"text-decoration: underline;\"><strong>Terms of use<\/strong><\/span><\/p>\n<p><strong>Conditions d\u2019acc\u00e8s au site<br><\/strong>Any person (hereinafter the \u201cuser\u201d) accessing this website (hereinafter the \u201cwebsite\u201d) shall be deemed to have unconditionally accepted all the terms and conditions of use of the site, as published by its owner (hereinafter the \u201cpublisher\u201d).<br>The website is accessible at all times anywhere in the world.&nbsp; &nbsp;&nbsp;&nbsp;&nbsp;&nbsp; Users connecting to the website shall have sole responsibility for complying with the legislation and regulations in force in their country of residence or the country from which they visit the website.<\/p>\n<p><strong>Amendments to these Conditions of Use, Jurisdiction and Applicable Law<br><\/strong>Les pr\u00e9sentes conditions d\u2019utilisation peuvent \u00eatre modifi\u00e9es par l\u2019\u00e9diteur \u00e0 tout moment. Les conditions d\u2019utilisation applicables \u00e0 toute utilisation du site sont celles disponibles et publi\u00e9es sur le site au moment de sa consultation par l\u2019utilisateur. La nullit\u00e9 ou non-validit\u00e9 d\u2019une disposition des pr\u00e9sentes conditions d\u2019utilisation ne porte pas pr\u00e9judice \u00e0 la validit\u00e9 des autres dispositions des pr\u00e9sentes conditions.<\/p>\n<p><strong>Disclaimer<br><\/strong>Although all the information on this website has been carefully checked, users should be aware that no guarantees can be given with regard to its accuracy. In no circumstances can the publisher be held liable regarding the accuracy of the information given, and no guarantee can be given that the data are complete, accurate, or up-to-date. All information is provided subject to amendments, errors, or omissions. <br>The publisher also accepts no liability for content originating from third-party websites with links from or to this website.<br>Finally, the publisher accepts no liability and provides no guarantee in the event of any interruption or malfunction of the website. The publisher also accepts no liability for any direct or indirect harm suffered by any user following access to or use of the website.<\/p>\t\t\t\t\t\t\t\t<\/div>\n\t\t\t\t<\/div>\n\t\t\t\t<\/div>\n\t\t\t\t<\/div>\n\t\t\t\t<\/div>\n\t\t","protected":false},"excerpt":{"rendered":"<p>Terms of use Website ownerLes Bains de Spa Intellectual property and trademarksWebsite: \u00a9 Les Bains de Spa, tous droits r\u00e9serv\u00e9s.Photos &amp; illustrations: \u00a9 Les Bains de Spa;&nbsp;\u00a9 Regine MahauxThis website fully complies with legislation in force on copyright and intellectual property. All text, images and other content are copyright. R\u00e9alisation &amp; h\u00e9bergementWeb Hosting \/ DatacenterThis [&hellip;]<\/p>\n","protected":false},"author":1,"featured_media":0,"parent":0,"menu_order":0,"comment_status":"closed","ping_status":"open","template":"elementor_header_footer","meta":{"footnotes":""},"class_list":["post-1758","page","type-page","status-publish","hentry"],"yoast_head":"<!-- This site is optimized with the Yoast SEO plugin v27.4 - https:\/\/yoast.com\/product\/yoast-seo-wordpress\/ -->\n<title>Terms of use - Les bains de Spa<\/title>\n<meta name=\"robots\" content=\"noindex, nofollow\" \/>\n<meta property=\"og:locale\" content=\"en_US\" \/>\n<meta property=\"og:type\" content=\"article\" \/>\n<meta property=\"og:title\" content=\"Terms of use - Les bains de Spa\" \/>\n<meta property=\"og:description\" content=\"Terms of use Website ownerLes Bains de Spa Intellectual property and trademarksWebsite: \u00a9 Les Bains de Spa, tous droits r\u00e9serv\u00e9s.Photos &amp; illustrations: \u00a9 Les Bains de Spa;&nbsp;\u00a9 Regine MahauxThis website fully complies with legislation in force on copyright and intellectual property. All text, images and other content are copyright. R\u00e9alisation &amp; h\u00e9bergementWeb Hosting \/ DatacenterThis [&hellip;]\" \/>\n<meta property=\"og:url\" content=\"https:\/\/www.lesbainsdespa.com\/en\/terms-of-use\/\" \/>\n<meta property=\"og:site_name\" content=\"Les bains de Spa\" \/>\n<meta property=\"article:publisher\" content=\"https:\/\/www.facebook.com\/profile.php?id=61570458204713\" \/>\n<meta property=\"article:modified_time\" content=\"2025-05-14T12:44:20+00:00\" \/>\n<meta name=\"twitter:card\" content=\"summary_large_image\" \/>\n<meta name=\"twitter:label1\" content=\"Est. reading time\" \/>\n\t<meta name=\"twitter:data1\" content=\"2 minutes\" \/>\n<script type=\"application\/ld+json\" class=\"yoast-schema-graph\">{\"@context\":\"https:\\\/\\\/schema.org\",\"@graph\":[{\"@type\":\"WebPage\",\"@id\":\"https:\\\/\\\/www.lesbainsdespa.com\\\/en\\\/terms-of-use\\\/\",\"url\":\"https:\\\/\\\/www.lesbainsdespa.com\\\/en\\\/terms-of-use\\\/\",\"name\":\"Terms of use - Les bains de Spa\",\"isPartOf\":{\"@id\":\"https:\\\/\\\/www.lesbainsdespa.com\\\/en\\\/#website\"},\"datePublished\":\"2025-03-01T17:11:57+00:00\",\"dateModified\":\"2025-05-14T12:44:20+00:00\",\"breadcrumb\":{\"@id\":\"https:\\\/\\\/www.lesbainsdespa.com\\\/en\\\/terms-of-use\\\/#breadcrumb\"},\"inLanguage\":\"en-US\",\"potentialAction\":[{\"@type\":\"ReadAction\",\"target\":[\"https:\\\/\\\/www.lesbainsdespa.com\\\/en\\\/terms-of-use\\\/\"]}]},{\"@type\":\"BreadcrumbList\",\"@id\":\"https:\\\/\\\/www.lesbainsdespa.com\\\/en\\\/terms-of-use\\\/#breadcrumb\",\"itemListElement\":[{\"@type\":\"ListItem\",\"position\":1,\"name\":\"Accueil\",\"item\":\"https:\\\/\\\/www.lesbainsdespa.com\\\/en\\\/\"},{\"@type\":\"ListItem\",\"position\":2,\"name\":\"Terms of use\"}]},{\"@type\":\"WebSite\",\"@id\":\"https:\\\/\\\/www.lesbainsdespa.com\\\/en\\\/#website\",\"url\":\"https:\\\/\\\/www.lesbainsdespa.com\\\/en\\\/\",\"name\":\"Les bains de Spa\",\"description\":\"Luxe et Bien-\u00eatre aux bains de Spa\",\"publisher\":{\"@id\":\"https:\\\/\\\/www.lesbainsdespa.com\\\/en\\\/#organization\"},\"potentialAction\":[{\"@type\":\"SearchAction\",\"target\":{\"@type\":\"EntryPoint\",\"urlTemplate\":\"https:\\\/\\\/www.lesbainsdespa.com\\\/en\\\/?s={search_term_string}\"},\"query-input\":{\"@type\":\"PropertyValueSpecification\",\"valueRequired\":true,\"valueName\":\"search_term_string\"}}],\"inLanguage\":\"en-US\"},{\"@type\":\"Organization\",\"@id\":\"https:\\\/\\\/www.lesbainsdespa.com\\\/en\\\/#organization\",\"name\":\"Les bains de Spa\",\"url\":\"https:\\\/\\\/www.lesbainsdespa.com\\\/en\\\/\",\"logo\":{\"@type\":\"ImageObject\",\"inLanguage\":\"en-US\",\"@id\":\"https:\\\/\\\/www.lesbainsdespa.com\\\/en\\\/#\\\/schema\\\/logo\\\/image\\\/\",\"url\":\"https:\\\/\\\/www.lesbainsdespa.com\\\/wp-content\\\/uploads\\\/2025\\\/02\\\/Logo-BAINS-de-SPA-480-or.png\",\"contentUrl\":\"https:\\\/\\\/www.lesbainsdespa.com\\\/wp-content\\\/uploads\\\/2025\\\/02\\\/Logo-BAINS-de-SPA-480-or.png\",\"width\":480,\"height\":784,\"caption\":\"Les bains de Spa\"},\"image\":{\"@id\":\"https:\\\/\\\/www.lesbainsdespa.com\\\/en\\\/#\\\/schema\\\/logo\\\/image\\\/\"},\"sameAs\":[\"https:\\\/\\\/www.facebook.com\\\/profile.php?id=61570458204713\",\"https:\\\/\\\/www.linkedin.com\\\/search\\\/results\\\/all\\\/?heroEntityKey=urnliorganization105824704&keywords=LesBainsdeSpa&origin=ENTITY_SEARCH_HOME_HISTORY&sid=0vj\",\"https:\\\/\\\/www.instagram.com\\\/lesbainsdespa\\\/\"]}]}<\/script>\n<!-- \/ Yoast SEO plugin. -->","yoast_head_json":{"title":"Terms of use - Les bains de Spa","robots":{"index":"noindex","follow":"nofollow"},"og_locale":"en_US","og_type":"article","og_title":"Terms of use - Les bains de Spa","og_description":"Terms of use Website ownerLes Bains de Spa Intellectual property and trademarksWebsite: \u00a9 Les Bains de Spa, tous droits r\u00e9serv\u00e9s.Photos &amp; illustrations: \u00a9 Les Bains de Spa;&nbsp;\u00a9 Regine MahauxThis website fully complies with legislation in force on copyright and intellectual property. All text, images and other content are copyright. R\u00e9alisation &amp; h\u00e9bergementWeb Hosting \/ DatacenterThis [&hellip;]","og_url":"https:\/\/www.lesbainsdespa.com\/en\/terms-of-use\/","og_site_name":"Les bains de Spa","article_publisher":"https:\/\/www.facebook.com\/profile.php?id=61570458204713","article_modified_time":"2025-05-14T12:44:20+00:00","twitter_card":"summary_large_image","twitter_misc":{"Est. reading time":"2 minutes"},"schema":{"@context":"https:\/\/schema.org","@graph":[{"@type":"WebPage","@id":"https:\/\/www.lesbainsdespa.com\/en\/terms-of-use\/","url":"https:\/\/www.lesbainsdespa.com\/en\/terms-of-use\/","name":"Terms of use - Les bains de Spa","isPartOf":{"@id":"https:\/\/www.lesbainsdespa.com\/en\/#website"},"datePublished":"2025-03-01T17:11:57+00:00","dateModified":"2025-05-14T12:44:20+00:00","breadcrumb":{"@id":"https:\/\/www.lesbainsdespa.com\/en\/terms-of-use\/#breadcrumb"},"inLanguage":"en-US","potentialAction":[{"@type":"ReadAction","target":["https:\/\/www.lesbainsdespa.com\/en\/terms-of-use\/"]}]},{"@type":"BreadcrumbList","@id":"https:\/\/www.lesbainsdespa.com\/en\/terms-of-use\/#breadcrumb","itemListElement":[{"@type":"ListItem","position":1,"name":"Accueil","item":"https:\/\/www.lesbainsdespa.com\/en\/"},{"@type":"ListItem","position":2,"name":"Terms of use"}]},{"@type":"WebSite","@id":"https:\/\/www.lesbainsdespa.com\/en\/#website","url":"https:\/\/www.lesbainsdespa.com\/en\/","name":"Les bains de Spa","description":"Luxe et Bien-\u00eatre aux bains de Spa","publisher":{"@id":"https:\/\/www.lesbainsdespa.com\/en\/#organization"},"potentialAction":[{"@type":"SearchAction","target":{"@type":"EntryPoint","urlTemplate":"https:\/\/www.lesbainsdespa.com\/en\/?s={search_term_string}"},"query-input":{"@type":"PropertyValueSpecification","valueRequired":true,"valueName":"search_term_string"}}],"inLanguage":"en-US"},{"@type":"Organization","@id":"https:\/\/www.lesbainsdespa.com\/en\/#organization","name":"Les bains de Spa","url":"https:\/\/www.lesbainsdespa.com\/en\/","logo":{"@type":"ImageObject","inLanguage":"en-US","@id":"https:\/\/www.lesbainsdespa.com\/en\/#\/schema\/logo\/image\/","url":"https:\/\/www.lesbainsdespa.com\/wp-content\/uploads\/2025\/02\/Logo-BAINS-de-SPA-480-or.png","contentUrl":"https:\/\/www.lesbainsdespa.com\/wp-content\/uploads\/2025\/02\/Logo-BAINS-de-SPA-480-or.png","width":480,"height":784,"caption":"Les bains de Spa"},"image":{"@id":"https:\/\/www.lesbainsdespa.com\/en\/#\/schema\/logo\/image\/"},"sameAs":["https:\/\/www.facebook.com\/profile.php?id=61570458204713","https:\/\/www.linkedin.com\/search\/results\/all\/?heroEntityKey=urnliorganization105824704&keywords=LesBainsdeSpa&origin=ENTITY_SEARCH_HOME_HISTORY&sid=0vj","https:\/\/www.instagram.com\/lesbainsdespa\/"]}]}},"_links":{"self":[{"href":"https:\/\/www.lesbainsdespa.com\/en\/wp-json\/wp\/v2\/pages\/1758","targetHints":{"allow":["GET"]}}],"collection":[{"href":"https:\/\/www.lesbainsdespa.com\/en\/wp-json\/wp\/v2\/pages"}],"about":[{"href":"https:\/\/www.lesbainsdespa.com\/en\/wp-json\/wp\/v2\/types\/page"}],"author":[{"embeddable":true,"href":"https:\/\/www.lesbainsdespa.com\/en\/wp-json\/wp\/v2\/users\/1"}],"replies":[{"embeddable":true,"href":"https:\/\/www.lesbainsdespa.com\/en\/wp-json\/wp\/v2\/comments?post=1758"}],"version-history":[{"count":2,"href":"https:\/\/www.lesbainsdespa.com\/en\/wp-json\/wp\/v2\/pages\/1758\/revisions"}],"predecessor-version":[{"id":5552,"href":"https:\/\/www.lesbainsdespa.com\/en\/wp-json\/wp\/v2\/pages\/1758\/revisions\/5552"}],"wp:attachment":[{"href":"https:\/\/www.lesbainsdespa.com\/en\/wp-json\/wp\/v2\/media?parent=1758"}],"curies":[{"name":"wp","href":"https:\/\/api.w.org\/{rel}","templated":true}]}}